{"id":77,"date":"2018-07-06T17:28:49","date_gmt":"2018-07-06T15:28:49","guid":{"rendered":"https:\/\/www.ra-stadnik.de\/?page_id=77"},"modified":"2022-09-13T21:14:05","modified_gmt":"2022-09-13T19:14:05","slug":"impressum","status":"publish","type":"page","link":"https:\/\/www.ra-stadnik.de\/de\/impressum\/","title":{"rendered":"Impressum"},"content":{"rendered":"<p>[et_pb_section fb_built=&#8220;1&#8243; fullwidth=&#8220;on&#8220; _builder_version=&#8220;4.16&#8243; global_colors_info=&#8220;{}&#8220;][et_pb_fullwidth_slider show_arrows=&#8220;off&#8220; show_pagination=&#8220;off&#8220; _builder_version=&#8220;4.18.0&#8243; min_height=&#8220;208px&#8220; auto=&#8220;on&#8220; auto_speed=&#8220;5000&#8243; global_module=&#8220;46&#8243; saved_tabs=&#8220;all&#8220; global_colors_info=&#8220;{}&#8220; button_text_size__hover_enabled=&#8220;off&#8220; button_one_text_size__hover_enabled=&#8220;off&#8220; button_two_text_size__hover_enabled=&#8220;off&#8220; button_text_color__hover_enabled=&#8220;off&#8220; button_one_text_color__hover_enabled=&#8220;off&#8220; button_two_text_color__hover_enabled=&#8220;off&#8220; button_border_width__hover_enabled=&#8220;off&#8220; button_one_border_width__hover_enabled=&#8220;off&#8220; button_two_border_width__hover_enabled=&#8220;off&#8220; button_border_color__hover_enabled=&#8220;off&#8220; button_one_border_color__hover_enabled=&#8220;off&#8220; button_two_border_color__hover_enabled=&#8220;off&#8220; button_border_radius__hover_enabled=&#8220;off&#8220; button_one_border_radius__hover_enabled=&#8220;off&#8220; button_two_border_radius__hover_enabled=&#8220;off&#8220; button_letter_spacing__hover_enabled=&#8220;off&#8220; button_one_letter_spacing__hover_enabled=&#8220;off&#8220; button_two_letter_spacing__hover_enabled=&#8220;off&#8220; button_bg_color__hover_enabled=&#8220;off&#8220; button_one_bg_color__hover_enabled=&#8220;off&#8220; button_two_bg_color__hover_enabled=&#8220;off&#8220; button_text_size__hover=&#8220;null&#8220; button_one_text_size__hover=&#8220;null&#8220; button_two_text_size__hover=&#8220;null&#8220; button_text_color__hover=&#8220;null&#8220; button_one_text_color__hover=&#8220;null&#8220; button_two_text_color__hover=&#8220;null&#8220; button_border_width__hover=&#8220;null&#8220; button_one_border_width__hover=&#8220;null&#8220; button_two_border_width__hover=&#8220;null&#8220; button_border_color__hover=&#8220;null&#8220; button_one_border_color__hover=&#8220;null&#8220; button_two_border_color__hover=&#8220;null&#8220; button_border_radius__hover=&#8220;null&#8220; button_one_border_radius__hover=&#8220;null&#8220; button_two_border_radius__hover=&#8220;null&#8220; button_letter_spacing__hover=&#8220;null&#8220; button_one_letter_spacing__hover=&#8220;null&#8220; button_two_letter_spacing__hover=&#8220;null&#8220; button_bg_color__hover=&#8220;null&#8220; button_one_bg_color__hover=&#8220;null&#8220; button_two_bg_color__hover=&#8220;null&#8220;][et_pb_slide use_bg_overlay=&#8220;off&#8220; use_text_overlay=&#8220;off&#8220; _builder_version=&#8220;4.18.0&#8243; background_image=&#8220;https:\/\/www.ra-stadnik.de\/wp-content\/uploads\/2022\/08\/IMG_8696-2-scaled.jpg&#8220; background_enable_image=&#8220;on&#8220; button_on_hover=&#8220;on&#8220; global_colors_info=&#8220;{}&#8220; button_text_size__hover_enabled=&#8220;off&#8220; button_one_text_size__hover_enabled=&#8220;off&#8220; button_two_text_size__hover_enabled=&#8220;off&#8220; button_text_color__hover_enabled=&#8220;off&#8220; button_one_text_color__hover_enabled=&#8220;off&#8220; button_two_text_color__hover_enabled=&#8220;off&#8220; button_border_width__hover_enabled=&#8220;off&#8220; button_one_border_width__hover_enabled=&#8220;off&#8220; button_two_border_width__hover_enabled=&#8220;off&#8220; button_border_color__hover_enabled=&#8220;off&#8220; button_one_border_color__hover_enabled=&#8220;off&#8220; button_two_border_color__hover_enabled=&#8220;off&#8220; button_border_radius__hover_enabled=&#8220;off&#8220; button_one_border_radius__hover_enabled=&#8220;off&#8220; button_two_border_radius__hover_enabled=&#8220;off&#8220; button_letter_spacing__hover_enabled=&#8220;off&#8220; button_one_letter_spacing__hover_enabled=&#8220;off&#8220; button_two_letter_spacing__hover_enabled=&#8220;off&#8220; button_bg_color__hover_enabled=&#8220;off&#8220; button_one_bg_color__hover_enabled=&#8220;off&#8220; button_two_bg_color__hover_enabled=&#8220;off&#8220; sticky_transition=&#8220;on&#8220;][\/et_pb_slide][et_pb_slide use_bg_overlay=&#8220;off&#8220; use_text_overlay=&#8220;off&#8220; _builder_version=&#8220;4.18.0&#8243; background_image=&#8220;https:\/\/www.ra-stadnik.de\/wp-content\/uploads\/2022\/08\/IMG_8934-scaled.jpg&#8220; background_enable_image=&#8220;on&#8220; button_on_hover=&#8220;on&#8220; global_colors_info=&#8220;{}&#8220; button_text_size__hover_enabled=&#8220;off&#8220; button_one_text_size__hover_enabled=&#8220;off&#8220; button_two_text_size__hover_enabled=&#8220;off&#8220; button_text_color__hover_enabled=&#8220;off&#8220; button_one_text_color__hover_enabled=&#8220;off&#8220; button_two_text_color__hover_enabled=&#8220;off&#8220; button_border_width__hover_enabled=&#8220;off&#8220; button_one_border_width__hover_enabled=&#8220;off&#8220; button_two_border_width__hover_enabled=&#8220;off&#8220; button_border_color__hover_enabled=&#8220;off&#8220; button_one_border_color__hover_enabled=&#8220;off&#8220; button_two_border_color__hover_enabled=&#8220;off&#8220; button_border_radius__hover_enabled=&#8220;off&#8220; button_one_border_radius__hover_enabled=&#8220;off&#8220; button_two_border_radius__hover_enabled=&#8220;off&#8220; button_letter_spacing__hover_enabled=&#8220;off&#8220; button_one_letter_spacing__hover_enabled=&#8220;off&#8220; button_two_letter_spacing__hover_enabled=&#8220;off&#8220; button_bg_color__hover_enabled=&#8220;off&#8220; button_one_bg_color__hover_enabled=&#8220;off&#8220; button_two_bg_color__hover_enabled=&#8220;off&#8220; sticky_transition=&#8220;on&#8220;][\/et_pb_slide][et_pb_slide use_bg_overlay=&#8220;off&#8220; use_text_overlay=&#8220;off&#8220; _builder_version=&#8220;4.18.0&#8243; background_image=&#8220;https:\/\/www.ra-stadnik.de\/wp-content\/uploads\/2022\/08\/IMG_8924-scaled.jpg&#8220; background_enable_image=&#8220;on&#8220; background_position=&#8220;top_center&#8220; button_on_hover=&#8220;on&#8220; global_colors_info=&#8220;{}&#8220; button_text_size__hover_enabled=&#8220;off&#8220; button_one_text_size__hover_enabled=&#8220;off&#8220; button_two_text_size__hover_enabled=&#8220;off&#8220; button_text_color__hover_enabled=&#8220;off&#8220; button_one_text_color__hover_enabled=&#8220;off&#8220; button_two_text_color__hover_enabled=&#8220;off&#8220; button_border_width__hover_enabled=&#8220;off&#8220; button_one_border_width__hover_enabled=&#8220;off&#8220; button_two_border_width__hover_enabled=&#8220;off&#8220; button_border_color__hover_enabled=&#8220;off&#8220; button_one_border_color__hover_enabled=&#8220;off&#8220; button_two_border_color__hover_enabled=&#8220;off&#8220; button_border_radius__hover_enabled=&#8220;off&#8220; button_one_border_radius__hover_enabled=&#8220;off&#8220; button_two_border_radius__hover_enabled=&#8220;off&#8220; button_letter_spacing__hover_enabled=&#8220;off&#8220; button_one_letter_spacing__hover_enabled=&#8220;off&#8220; button_two_letter_spacing__hover_enabled=&#8220;off&#8220; button_bg_color__hover_enabled=&#8220;off&#8220; button_one_bg_color__hover_enabled=&#8220;off&#8220; button_two_bg_color__hover_enabled=&#8220;off&#8220; sticky_transition=&#8220;on&#8220;][\/et_pb_slide][\/et_pb_fullwidth_slider][\/et_pb_section][et_pb_section fb_built=&#8220;1&#8243; _builder_version=&#8220;4.16&#8243; global_colors_info=&#8220;{}&#8220;][et_pb_row _builder_version=&#8220;4.16&#8243; background_size=&#8220;initial&#8220; background_position=&#8220;top_left&#8220; background_repeat=&#8220;repeat&#8220; global_colors_info=&#8220;{}&#8220;][et_pb_column type=&#8220;4_4&#8243; _builder_version=&#8220;4.16&#8243; custom_padding=&#8220;|||&#8220; global_colors_info=&#8220;{}&#8220; custom_padding__hover=&#8220;|||&#8220;][et_pb_text _builder_version=&#8220;4.16&#8243; global_colors_info=&#8220;{}&#8220;]<\/p>\n<h1>IMPRESSUM<\/h1>\n<p>[\/et_pb_text][et_pb_text _builder_version=&#8220;4.16&#8243; global_colors_info=&#8220;{}&#8220;]<\/p>\n<p>Rechtsanwalt Evgen\u00a0Stadnik<\/p>\n<p>Standort: K\u00e4the-Kollwitz-Str. 17, 07743 Jena<\/p>\n<p>Telefon: +49 3641 47 80 0<\/p>\n<p>Fax: +49\u00a03641 47 80 16<\/p>\n<p>E-Mail: info@ra-stadnik.de<\/p>\n<p>&nbsp;<\/p>\n<p>Inhaltlich verantwortlich gem\u00e4\u00df \u00a7 55 Abs. 2 RStV ist Herr Rechtsanwalt Evgen Stadnik.<\/p>\n<p>&nbsp;<\/p>\n<p>Umsatzsteueridentifikationsnummer:\u00a0DE305033791<\/p>\n<p>&nbsp;<\/p>\n<p>Der Rechtsanwalt ist Mitglied der Rechtsanwaltskammer Th\u00fcringen.<\/p>\n<p>&nbsp;<\/p>\n<p>Die Berufsbezeichnung Rechtsanwalt wurde nach dem Recht der Bundesrepublik Deutschland verliehen.<\/p>\n<p>&nbsp;<\/p>\n<p>Die Berufshaftpflichtversicherung besteht bei R+V Allgemeine Versicherung AG, Voltastra\u00dfe 84, 60486 Frankfurt. Der r\u00e4umliche Geltungsbereich des Versicherungsschutzes gen\u00fcgt den Anforderungen der Vorschriften gem\u00e4\u00df \u00a7 51 BRAO.<\/p>\n<p>&nbsp;<\/p>\n<p>Geb\u00fchren- und Berufsordnungen<\/p>\n<ul>\n<li>BORA (Berufsordnung f\u00fcr Rechtsanw\u00e4lte)<\/li>\n<li>BRAO (Bundesrechtsanwaltsordnung)<\/li>\n<li>RVG (Rechtsanwaltsverg\u00fctungsgesetz)<\/li>\n<\/ul>\n<p>Im \u00dcbrigen k\u00f6nnen berufsrechtliche Regelungen auf der Homepage der Bundesrechtsanwaltskammer eingesehen werden (www.brak.de).<\/p>\n<p>&nbsp;<\/p>\n<p>Aufgrund des Verbots der Wahrnehmung von widerstreitenden Interessen, wird eventueller Interessenkonflikt stets vor der Annahme eines Mandats gepr\u00fcft.<\/p>\n<p>&nbsp;<\/p>\n<p>[\/et_pb_text][\/et_pb_column][\/et_pb_row][\/et_pb_section]<\/p>\n","protected":false},"excerpt":{"rendered":"<p>IMPRESSUM Rechtsanwalt Evgen\u00a0Stadnik Standort: K\u00e4the-Kollwitz-Str. 17, 07743 Jena Telefon: +49 3641 47 80 0 Fax: +49\u00a03641 47 80 16 E-Mail: info@ra-stadnik.de &nbsp; Inhaltlich verantwortlich gem\u00e4\u00df \u00a7 55 Abs. 2 RStV ist Herr Rechtsanwalt Evgen Stadnik. &nbsp; Umsatzsteueridentifikationsnummer:\u00a0DE305033791 &nbsp; Der Rechtsanwalt ist Mitglied der Rechtsanwaltskammer Th\u00fcringen. &nbsp; Die Berufsbezeichnung Rechtsanwalt wurde nach dem Recht der Bundesrepublik [&hellip;]<\/p>\n","protected":false},"author":1,"featured_media":0,"parent":0,"menu_order":0,"comment_status":"closed","ping_status":"closed","template":"","meta":{"_et_pb_use_builder":"on","_et_pb_old_content":"","_et_gb_content_width":"","footnotes":""},"class_list":["post-77","page","type-page","status-publish","hentry"],"yoast_head":"<!-- This site is optimized with the Yoast SEO plugin v27.5 - https:\/\/yoast.com\/product\/yoast-seo-wordpress\/ -->\n<title>Impressum | Evgen Stadnik<\/title>\n<meta name=\"robots\" content=\"index, follow, max-snippet:-1, max-image-preview:large, max-video-preview:-1\" \/>\n<link rel=\"canonical\" href=\"https:\/\/www.ra-stadnik.de\/de\/impressum\/\" \/>\n<meta property=\"og:locale\" content=\"de_DE\" \/>\n<meta property=\"og:type\" content=\"article\" \/>\n<meta property=\"og:title\" content=\"Impressum | Evgen Stadnik\" \/>\n<meta property=\"og:description\" content=\"IMPRESSUM Rechtsanwalt Evgen\u00a0Stadnik Standort: K\u00e4the-Kollwitz-Str. 17, 07743 Jena Telefon: +49 3641 47 80 0 Fax: +49\u00a03641 47 80 16 E-Mail: info@ra-stadnik.de &nbsp; Inhaltlich verantwortlich gem\u00e4\u00df \u00a7 55 Abs. 2 RStV ist Herr Rechtsanwalt Evgen Stadnik. &nbsp; Umsatzsteueridentifikationsnummer:\u00a0DE305033791 &nbsp; Der Rechtsanwalt ist Mitglied der Rechtsanwaltskammer Th\u00fcringen. &nbsp; Die Berufsbezeichnung Rechtsanwalt wurde nach dem Recht der Bundesrepublik [&hellip;]\" \/>\n<meta property=\"og:url\" content=\"https:\/\/www.ra-stadnik.de\/de\/impressum\/\" \/>\n<meta property=\"og:site_name\" content=\"Evgen Stadnik\" \/>\n<meta property=\"article:publisher\" content=\"https:\/\/www.facebook.com\/rastadnik.de\/\" \/>\n<meta property=\"article:modified_time\" content=\"2022-09-13T19:14:05+00:00\" \/>\n<meta name=\"twitter:card\" content=\"summary_large_image\" \/>\n<meta name=\"twitter:label1\" content=\"Gesch\u00e4tzte Lesezeit\" \/>\n\t<meta name=\"twitter:data1\" content=\"2\u00a0Minuten\" \/>\n<script type=\"application\/ld+json\" class=\"yoast-schema-graph\">{\"@context\":\"https:\\\/\\\/schema.org\",\"@graph\":[{\"@type\":\"WebPage\",\"@id\":\"https:\\\/\\\/www.ra-stadnik.de\\\/de\\\/impressum\\\/\",\"url\":\"https:\\\/\\\/www.ra-stadnik.de\\\/de\\\/impressum\\\/\",\"name\":\"Impressum | Evgen Stadnik\",\"isPartOf\":{\"@id\":\"https:\\\/\\\/www.ra-stadnik.de\\\/de\\\/#website\"},\"datePublished\":\"2018-07-06T15:28:49+00:00\",\"dateModified\":\"2022-09-13T19:14:05+00:00\",\"breadcrumb\":{\"@id\":\"https:\\\/\\\/www.ra-stadnik.de\\\/de\\\/impressum\\\/#breadcrumb\"},\"inLanguage\":\"de\",\"potentialAction\":[{\"@type\":\"ReadAction\",\"target\":[\"https:\\\/\\\/www.ra-stadnik.de\\\/de\\\/impressum\\\/\"]}]},{\"@type\":\"BreadcrumbList\",\"@id\":\"https:\\\/\\\/www.ra-stadnik.de\\\/de\\\/impressum\\\/#breadcrumb\",\"itemListElement\":[{\"@type\":\"ListItem\",\"position\":1,\"name\":\"Home\",\"item\":\"https:\\\/\\\/www.ra-stadnik.de\\\/de\\\/\"},{\"@type\":\"ListItem\",\"position\":2,\"name\":\"Impressum\"}]},{\"@type\":\"WebSite\",\"@id\":\"https:\\\/\\\/www.ra-stadnik.de\\\/de\\\/#website\",\"url\":\"https:\\\/\\\/www.ra-stadnik.de\\\/de\\\/\",\"name\":\"Rechtsanwalt Evgen Stadnik\",\"description\":\"Rechtsanwalt\",\"publisher\":{\"@id\":\"https:\\\/\\\/www.ra-stadnik.de\\\/de\\\/#organization\"},\"potentialAction\":[{\"@type\":\"SearchAction\",\"target\":{\"@type\":\"EntryPoint\",\"urlTemplate\":\"https:\\\/\\\/www.ra-stadnik.de\\\/de\\\/?s={search_term_string}\"},\"query-input\":{\"@type\":\"PropertyValueSpecification\",\"valueRequired\":true,\"valueName\":\"search_term_string\"}}],\"inLanguage\":\"de\"},{\"@type\":\"Organization\",\"@id\":\"https:\\\/\\\/www.ra-stadnik.de\\\/de\\\/#organization\",\"name\":\"Rechtsanwalt Evgen Stadnik\",\"url\":\"https:\\\/\\\/www.ra-stadnik.de\\\/de\\\/\",\"logo\":{\"@type\":\"ImageObject\",\"inLanguage\":\"de\",\"@id\":\"https:\\\/\\\/www.ra-stadnik.de\\\/de\\\/#\\\/schema\\\/logo\\\/image\\\/\",\"url\":\"https:\\\/\\\/www.ra-stadnik.de\\\/wp-content\\\/uploads\\\/2018\\\/07\\\/Rechtsanwalt-Evgen-Stadnik-jena-logo-90.png\",\"contentUrl\":\"https:\\\/\\\/www.ra-stadnik.de\\\/wp-content\\\/uploads\\\/2018\\\/07\\\/Rechtsanwalt-Evgen-Stadnik-jena-logo-90.png\",\"width\":194,\"height\":90,\"caption\":\"Rechtsanwalt Evgen Stadnik\"},\"image\":{\"@id\":\"https:\\\/\\\/www.ra-stadnik.de\\\/de\\\/#\\\/schema\\\/logo\\\/image\\\/\"},\"sameAs\":[\"https:\\\/\\\/www.facebook.com\\\/rastadnik.de\\\/\"]}]}<\/script>\n<!-- \/ Yoast SEO plugin. -->","yoast_head_json":{"title":"Impressum | Evgen Stadnik","robots":{"index":"index","follow":"follow","max-snippet":"max-snippet:-1","max-image-preview":"max-image-preview:large","max-video-preview":"max-video-preview:-1"},"canonical":"https:\/\/www.ra-stadnik.de\/de\/impressum\/","og_locale":"de_DE","og_type":"article","og_title":"Impressum | Evgen Stadnik","og_description":"IMPRESSUM Rechtsanwalt Evgen\u00a0Stadnik Standort: K\u00e4the-Kollwitz-Str. 17, 07743 Jena Telefon: +49 3641 47 80 0 Fax: +49\u00a03641 47 80 16 E-Mail: info@ra-stadnik.de &nbsp; Inhaltlich verantwortlich gem\u00e4\u00df \u00a7 55 Abs. 2 RStV ist Herr Rechtsanwalt Evgen Stadnik. &nbsp; Umsatzsteueridentifikationsnummer:\u00a0DE305033791 &nbsp; Der Rechtsanwalt ist Mitglied der Rechtsanwaltskammer Th\u00fcringen. &nbsp; Die Berufsbezeichnung Rechtsanwalt wurde nach dem Recht der Bundesrepublik [&hellip;]","og_url":"https:\/\/www.ra-stadnik.de\/de\/impressum\/","og_site_name":"Evgen Stadnik","article_publisher":"https:\/\/www.facebook.com\/rastadnik.de\/","article_modified_time":"2022-09-13T19:14:05+00:00","twitter_card":"summary_large_image","twitter_misc":{"Gesch\u00e4tzte Lesezeit":"2\u00a0Minuten"},"schema":{"@context":"https:\/\/schema.org","@graph":[{"@type":"WebPage","@id":"https:\/\/www.ra-stadnik.de\/de\/impressum\/","url":"https:\/\/www.ra-stadnik.de\/de\/impressum\/","name":"Impressum | Evgen Stadnik","isPartOf":{"@id":"https:\/\/www.ra-stadnik.de\/de\/#website"},"datePublished":"2018-07-06T15:28:49+00:00","dateModified":"2022-09-13T19:14:05+00:00","breadcrumb":{"@id":"https:\/\/www.ra-stadnik.de\/de\/impressum\/#breadcrumb"},"inLanguage":"de","potentialAction":[{"@type":"ReadAction","target":["https:\/\/www.ra-stadnik.de\/de\/impressum\/"]}]},{"@type":"BreadcrumbList","@id":"https:\/\/www.ra-stadnik.de\/de\/impressum\/#breadcrumb","itemListElement":[{"@type":"ListItem","position":1,"name":"Home","item":"https:\/\/www.ra-stadnik.de\/de\/"},{"@type":"ListItem","position":2,"name":"Impressum"}]},{"@type":"WebSite","@id":"https:\/\/www.ra-stadnik.de\/de\/#website","url":"https:\/\/www.ra-stadnik.de\/de\/","name":"Rechtsanwalt Evgen Stadnik","description":"Rechtsanwalt","publisher":{"@id":"https:\/\/www.ra-stadnik.de\/de\/#organization"},"potentialAction":[{"@type":"SearchAction","target":{"@type":"EntryPoint","urlTemplate":"https:\/\/www.ra-stadnik.de\/de\/?s={search_term_string}"},"query-input":{"@type":"PropertyValueSpecification","valueRequired":true,"valueName":"search_term_string"}}],"inLanguage":"de"},{"@type":"Organization","@id":"https:\/\/www.ra-stadnik.de\/de\/#organization","name":"Rechtsanwalt Evgen Stadnik","url":"https:\/\/www.ra-stadnik.de\/de\/","logo":{"@type":"ImageObject","inLanguage":"de","@id":"https:\/\/www.ra-stadnik.de\/de\/#\/schema\/logo\/image\/","url":"https:\/\/www.ra-stadnik.de\/wp-content\/uploads\/2018\/07\/Rechtsanwalt-Evgen-Stadnik-jena-logo-90.png","contentUrl":"https:\/\/www.ra-stadnik.de\/wp-content\/uploads\/2018\/07\/Rechtsanwalt-Evgen-Stadnik-jena-logo-90.png","width":194,"height":90,"caption":"Rechtsanwalt Evgen Stadnik"},"image":{"@id":"https:\/\/www.ra-stadnik.de\/de\/#\/schema\/logo\/image\/"},"sameAs":["https:\/\/www.facebook.com\/rastadnik.de\/"]}]}},"_links":{"self":[{"href":"https:\/\/www.ra-stadnik.de\/de\/wp-json\/wp\/v2\/pages\/77","targetHints":{"allow":["GET"]}}],"collection":[{"href":"https:\/\/www.ra-stadnik.de\/de\/wp-json\/wp\/v2\/pages"}],"about":[{"href":"https:\/\/www.ra-stadnik.de\/de\/wp-json\/wp\/v2\/types\/page"}],"author":[{"embeddable":true,"href":"https:\/\/www.ra-stadnik.de\/de\/wp-json\/wp\/v2\/users\/1"}],"replies":[{"embeddable":true,"href":"https:\/\/www.ra-stadnik.de\/de\/wp-json\/wp\/v2\/comments?post=77"}],"version-history":[{"count":3,"href":"https:\/\/www.ra-stadnik.de\/de\/wp-json\/wp\/v2\/pages\/77\/revisions"}],"predecessor-version":[{"id":407,"href":"https:\/\/www.ra-stadnik.de\/de\/wp-json\/wp\/v2\/pages\/77\/revisions\/407"}],"wp:attachment":[{"href":"https:\/\/www.ra-stadnik.de\/de\/wp-json\/wp\/v2\/media?parent=77"}],"curies":[{"name":"wp","href":"https:\/\/api.w.org\/{rel}","templated":true}]}}