{"id":33,"date":"2018-07-06T14:39:38","date_gmt":"2018-07-06T12:39:38","guid":{"rendered":"https:\/\/www.ra-stadnik.de\/?page_id=33"},"modified":"2023-12-04T22:42:07","modified_gmt":"2023-12-04T21:42:07","slug":"startseite","status":"publish","type":"page","link":"https:\/\/www.ra-stadnik.de\/de\/","title":{"rendered":"Startseite"},"content":{"rendered":"<p>[et_pb_section fb_built=&#8220;1&#8243; fullwidth=&#8220;on&#8220; _builder_version=&#8220;4.16&#8243; global_colors_info=&#8220;{}&#8220;][et_pb_fullwidth_slider show_arrows=&#8220;off&#8220; show_pagination=&#8220;off&#8220; _builder_version=&#8220;4.18.0&#8243; min_height=&#8220;208px&#8220; auto=&#8220;on&#8220; auto_speed=&#8220;5000&#8243; global_module=&#8220;46&#8243; saved_tabs=&#8220;all&#8220; global_colors_info=&#8220;{}&#8220; button_text_size__hover_enabled=&#8220;off&#8220; button_one_text_size__hover_enabled=&#8220;off&#8220; button_two_text_size__hover_enabled=&#8220;off&#8220; button_text_color__hover_enabled=&#8220;off&#8220; button_one_text_color__hover_enabled=&#8220;off&#8220; button_two_text_color__hover_enabled=&#8220;off&#8220; button_border_width__hover_enabled=&#8220;off&#8220; button_one_border_width__hover_enabled=&#8220;off&#8220; button_two_border_width__hover_enabled=&#8220;off&#8220; button_border_color__hover_enabled=&#8220;off&#8220; button_one_border_color__hover_enabled=&#8220;off&#8220; button_two_border_color__hover_enabled=&#8220;off&#8220; button_border_radius__hover_enabled=&#8220;off&#8220; button_one_border_radius__hover_enabled=&#8220;off&#8220; button_two_border_radius__hover_enabled=&#8220;off&#8220; button_letter_spacing__hover_enabled=&#8220;off&#8220; button_one_letter_spacing__hover_enabled=&#8220;off&#8220; button_two_letter_spacing__hover_enabled=&#8220;off&#8220; button_bg_color__hover_enabled=&#8220;off&#8220; button_one_bg_color__hover_enabled=&#8220;off&#8220; button_two_bg_color__hover_enabled=&#8220;off&#8220;][et_pb_slide use_bg_overlay=&#8220;off&#8220; use_text_overlay=&#8220;off&#8220; _builder_version=&#8220;4.18.0&#8243; background_image=&#8220;https:\/\/www.ra-stadnik.de\/wp-content\/uploads\/2022\/08\/IMG_8696-2-scaled.jpg&#8220; background_enable_image=&#8220;on&#8220; button_on_hover=&#8220;on&#8220; global_colors_info=&#8220;{}&#8220; button_text_size__hover_enabled=&#8220;off&#8220; button_one_text_size__hover_enabled=&#8220;off&#8220; button_two_text_size__hover_enabled=&#8220;off&#8220; button_text_color__hover_enabled=&#8220;off&#8220; button_one_text_color__hover_enabled=&#8220;off&#8220; button_two_text_color__hover_enabled=&#8220;off&#8220; button_border_width__hover_enabled=&#8220;off&#8220; button_one_border_width__hover_enabled=&#8220;off&#8220; button_two_border_width__hover_enabled=&#8220;off&#8220; button_border_color__hover_enabled=&#8220;off&#8220; button_one_border_color__hover_enabled=&#8220;off&#8220; button_two_border_color__hover_enabled=&#8220;off&#8220; button_border_radius__hover_enabled=&#8220;off&#8220; button_one_border_radius__hover_enabled=&#8220;off&#8220; button_two_border_radius__hover_enabled=&#8220;off&#8220; button_letter_spacing__hover_enabled=&#8220;off&#8220; button_one_letter_spacing__hover_enabled=&#8220;off&#8220; button_two_letter_spacing__hover_enabled=&#8220;off&#8220; button_bg_color__hover_enabled=&#8220;off&#8220; button_one_bg_color__hover_enabled=&#8220;off&#8220; button_two_bg_color__hover_enabled=&#8220;off&#8220; sticky_transition=&#8220;on&#8220;][\/et_pb_slide][et_pb_slide use_bg_overlay=&#8220;off&#8220; use_text_overlay=&#8220;off&#8220; _builder_version=&#8220;4.18.0&#8243; background_image=&#8220;https:\/\/www.ra-stadnik.de\/wp-content\/uploads\/2022\/08\/IMG_8934-scaled.jpg&#8220; background_enable_image=&#8220;on&#8220; button_on_hover=&#8220;on&#8220; global_colors_info=&#8220;{}&#8220; button_text_size__hover_enabled=&#8220;off&#8220; button_one_text_size__hover_enabled=&#8220;off&#8220; button_two_text_size__hover_enabled=&#8220;off&#8220; button_text_color__hover_enabled=&#8220;off&#8220; button_one_text_color__hover_enabled=&#8220;off&#8220; button_two_text_color__hover_enabled=&#8220;off&#8220; button_border_width__hover_enabled=&#8220;off&#8220; button_one_border_width__hover_enabled=&#8220;off&#8220; button_two_border_width__hover_enabled=&#8220;off&#8220; button_border_color__hover_enabled=&#8220;off&#8220; button_one_border_color__hover_enabled=&#8220;off&#8220; button_two_border_color__hover_enabled=&#8220;off&#8220; button_border_radius__hover_enabled=&#8220;off&#8220; button_one_border_radius__hover_enabled=&#8220;off&#8220; button_two_border_radius__hover_enabled=&#8220;off&#8220; button_letter_spacing__hover_enabled=&#8220;off&#8220; button_one_letter_spacing__hover_enabled=&#8220;off&#8220; button_two_letter_spacing__hover_enabled=&#8220;off&#8220; button_bg_color__hover_enabled=&#8220;off&#8220; button_one_bg_color__hover_enabled=&#8220;off&#8220; button_two_bg_color__hover_enabled=&#8220;off&#8220; sticky_transition=&#8220;on&#8220;][\/et_pb_slide][et_pb_slide use_bg_overlay=&#8220;off&#8220; use_text_overlay=&#8220;off&#8220; _builder_version=&#8220;4.18.0&#8243; background_image=&#8220;https:\/\/www.ra-stadnik.de\/wp-content\/uploads\/2022\/08\/IMG_8924-scaled.jpg&#8220; background_enable_image=&#8220;on&#8220; background_position=&#8220;top_center&#8220; button_on_hover=&#8220;on&#8220; global_colors_info=&#8220;{}&#8220; button_text_size__hover_enabled=&#8220;off&#8220; button_one_text_size__hover_enabled=&#8220;off&#8220; button_two_text_size__hover_enabled=&#8220;off&#8220; button_text_color__hover_enabled=&#8220;off&#8220; button_one_text_color__hover_enabled=&#8220;off&#8220; button_two_text_color__hover_enabled=&#8220;off&#8220; button_border_width__hover_enabled=&#8220;off&#8220; button_one_border_width__hover_enabled=&#8220;off&#8220; button_two_border_width__hover_enabled=&#8220;off&#8220; button_border_color__hover_enabled=&#8220;off&#8220; button_one_border_color__hover_enabled=&#8220;off&#8220; button_two_border_color__hover_enabled=&#8220;off&#8220; button_border_radius__hover_enabled=&#8220;off&#8220; button_one_border_radius__hover_enabled=&#8220;off&#8220; button_two_border_radius__hover_enabled=&#8220;off&#8220; button_letter_spacing__hover_enabled=&#8220;off&#8220; button_one_letter_spacing__hover_enabled=&#8220;off&#8220; button_two_letter_spacing__hover_enabled=&#8220;off&#8220; button_bg_color__hover_enabled=&#8220;off&#8220; button_one_bg_color__hover_enabled=&#8220;off&#8220; button_two_bg_color__hover_enabled=&#8220;off&#8220; sticky_transition=&#8220;on&#8220;][\/et_pb_slide][\/et_pb_fullwidth_slider][\/et_pb_section][et_pb_section fb_built=&#8220;1&#8243; _builder_version=&#8220;4.16&#8243; global_colors_info=&#8220;{}&#8220;][et_pb_row column_structure=&#8220;2_3,1_3&#8243; _builder_version=&#8220;4.16&#8243; background_size=&#8220;initial&#8220; background_position=&#8220;top_left&#8220; background_repeat=&#8220;repeat&#8220; global_colors_info=&#8220;{}&#8220;][et_pb_column type=&#8220;2_3&#8243; _builder_version=&#8220;4.16&#8243; custom_padding=&#8220;|||&#8220; global_colors_info=&#8220;{}&#8220; custom_padding__hover=&#8220;|||&#8220;][et_pb_text _builder_version=&#8220;4.16&#8243; global_colors_info=&#8220;{}&#8220;]<\/p>\n<div>\n<p style=\"text-align: justify;\">Als Rechtsanwalt in Jena biete ich kompetente Rechtsberatung in allen Ihren Angelegenheiten und bin stets darauf bedacht Ihre Probleme mit dem gr\u00f6\u00dfter Vorteil f\u00fcr Sie zu l\u00f6sen. Die Beratung kann auf Wunsch auch in russischer Sprache erfolgen. Die Erstberatungskosten variieren zwischen 150 &#8211; 220 \u20ac (brutto). Die Kosten der Vertretung werden einzelfallbezogen berechnet.<\/p>\n<p style=\"text-align: justify;\"><span style=\"font-size: 14px;\">Durch die Zulassung zu Rechtsanwaltschaft bin ich zur bundesweiten Vertretung Ihrer Interessen vor Beh\u00f6rden und Gerichten befugt.<\/span><\/p>\n<\/div>\n<p>[\/et_pb_text][et_pb_text _builder_version=&#8220;4.16&#8243; global_colors_info=&#8220;{}&#8220;]<\/p>\n<div>\n<div>\n<p>&nbsp;<\/p>\n<\/div>\n<\/div>\n<div>\n<div>\n<p style=\"text-align: justify;\">Mitglied der Rechtsanwaltskammer Th\u00fcringen <a href=\"https:\/\/rak-thueringen.de\/\" target=\"_blank\" rel=\"noopener\"><img loading=\"lazy\" decoding=\"async\" class=\"alignnone wp-image-51 size-full\" src=\"https:\/\/www.ra-stadnik.de\/wp-content\/uploads\/2018\/07\/Rechtsanwaltskammer-Th\u00fcringen.png\" alt=\"\" width=\"260\" height=\"44\" \/><\/a><\/p>\n<\/div>\n<\/div>\n<p>[\/et_pb_text][\/et_pb_column][et_pb_column type=&#8220;1_3&#8243; _builder_version=&#8220;4.16&#8243; custom_padding=&#8220;|||&#8220; global_colors_info=&#8220;{}&#8220; custom_padding__hover=&#8220;|||&#8220;][et_pb_image src=&#8220;https:\/\/www.ra-stadnik.de\/wp-content\/uploads\/2022\/08\/IMG_8835-scaled.jpg&#8220; title_text=&#8220;IMG_8835&#8243; align_tablet=&#8220;center&#8220; align_phone=&#8220;center&#8220; align_last_edited=&#8220;on|desktop&#8220; _builder_version=&#8220;4.18.0&#8243; global_colors_info=&#8220;{}&#8220;][\/et_pb_image][\/et_pb_column][\/et_pb_row][\/et_pb_section]<\/p>\n","protected":false},"excerpt":{"rendered":"<p>Als Rechtsanwalt in Jena biete ich kompetente Rechtsberatung in allen Ihren Angelegenheiten und bin stets darauf bedacht Ihre Probleme mit dem gr\u00f6\u00dfter Vorteil f\u00fcr Sie zu l\u00f6sen. Die Beratung kann auf Wunsch auch in russischer Sprache erfolgen. Die Erstberatungskosten variieren zwischen 150 &#8211; 220 \u20ac (brutto). Die Kosten der Vertretung werden einzelfallbezogen berechnet. Durch die [&hellip;]<\/p>\n","protected":false},"author":1,"featured_media":0,"parent":0,"menu_order":0,"comment_status":"closed","ping_status":"closed","template":"","meta":{"_et_pb_use_builder":"on","_et_pb_old_content":"","_et_gb_content_width":"","footnotes":""},"class_list":["post-33","page","type-page","status-publish","hentry"],"yoast_head":"<!-- This site is optimized with the Yoast SEO plugin v27.5 - https:\/\/yoast.com\/product\/yoast-seo-wordpress\/ -->\n<title>Startseite | Evgen Stadnik<\/title>\n<meta name=\"robots\" content=\"index, follow, max-snippet:-1, max-image-preview:large, max-video-preview:-1\" \/>\n<link rel=\"canonical\" href=\"https:\/\/www.ra-stadnik.de\/de\/\" \/>\n<meta property=\"og:locale\" content=\"de_DE\" \/>\n<meta property=\"og:type\" content=\"article\" \/>\n<meta property=\"og:title\" content=\"Startseite | Evgen Stadnik\" \/>\n<meta property=\"og:description\" content=\"Als Rechtsanwalt in Jena biete ich kompetente Rechtsberatung in allen Ihren Angelegenheiten und bin stets darauf bedacht Ihre Probleme mit dem gr\u00f6\u00dfter Vorteil f\u00fcr Sie zu l\u00f6sen. Die Beratung kann auf Wunsch auch in russischer Sprache erfolgen. Die Erstberatungskosten variieren zwischen 150 - 220 \u20ac (brutto). Die Kosten der Vertretung werden einzelfallbezogen berechnet. Durch die [&hellip;]\" \/>\n<meta property=\"og:url\" content=\"https:\/\/www.ra-stadnik.de\/de\/\" \/>\n<meta property=\"og:site_name\" content=\"Evgen Stadnik\" \/>\n<meta property=\"article:publisher\" content=\"https:\/\/www.facebook.com\/rastadnik.de\/\" \/>\n<meta property=\"article:modified_time\" content=\"2023-12-04T21:42:07+00:00\" \/>\n<meta name=\"twitter:card\" content=\"summary_large_image\" \/>\n<meta name=\"twitter:label1\" content=\"Gesch\u00e4tzte Lesezeit\" \/>\n\t<meta name=\"twitter:data1\" content=\"2\u00a0Minuten\" \/>\n<script type=\"application\/ld+json\" class=\"yoast-schema-graph\">{\"@context\":\"https:\\\/\\\/schema.org\",\"@graph\":[{\"@type\":\"WebPage\",\"@id\":\"https:\\\/\\\/www.ra-stadnik.de\\\/de\\\/\",\"url\":\"https:\\\/\\\/www.ra-stadnik.de\\\/de\\\/\",\"name\":\"Startseite | Evgen Stadnik\",\"isPartOf\":{\"@id\":\"https:\\\/\\\/www.ra-stadnik.de\\\/de\\\/#website\"},\"datePublished\":\"2018-07-06T12:39:38+00:00\",\"dateModified\":\"2023-12-04T21:42:07+00:00\",\"breadcrumb\":{\"@id\":\"https:\\\/\\\/www.ra-stadnik.de\\\/de\\\/#breadcrumb\"},\"inLanguage\":\"de\",\"potentialAction\":[{\"@type\":\"ReadAction\",\"target\":[\"https:\\\/\\\/www.ra-stadnik.de\\\/de\\\/\"]}]},{\"@type\":\"BreadcrumbList\",\"@id\":\"https:\\\/\\\/www.ra-stadnik.de\\\/de\\\/#breadcrumb\",\"itemListElement\":[{\"@type\":\"ListItem\",\"position\":1,\"name\":\"Home\",\"item\":\"https:\\\/\\\/www.ra-stadnik.de\\\/de\\\/\"},{\"@type\":\"ListItem\",\"position\":2,\"name\":\"Startseite\"}]},{\"@type\":\"WebSite\",\"@id\":\"https:\\\/\\\/www.ra-stadnik.de\\\/de\\\/#website\",\"url\":\"https:\\\/\\\/www.ra-stadnik.de\\\/de\\\/\",\"name\":\"Rechtsanwalt Evgen Stadnik\",\"description\":\"Rechtsanwalt\",\"publisher\":{\"@id\":\"https:\\\/\\\/www.ra-stadnik.de\\\/de\\\/#organization\"},\"potentialAction\":[{\"@type\":\"SearchAction\",\"target\":{\"@type\":\"EntryPoint\",\"urlTemplate\":\"https:\\\/\\\/www.ra-stadnik.de\\\/de\\\/?s={search_term_string}\"},\"query-input\":{\"@type\":\"PropertyValueSpecification\",\"valueRequired\":true,\"valueName\":\"search_term_string\"}}],\"inLanguage\":\"de\"},{\"@type\":\"Organization\",\"@id\":\"https:\\\/\\\/www.ra-stadnik.de\\\/de\\\/#organization\",\"name\":\"Rechtsanwalt Evgen Stadnik\",\"url\":\"https:\\\/\\\/www.ra-stadnik.de\\\/de\\\/\",\"logo\":{\"@type\":\"ImageObject\",\"inLanguage\":\"de\",\"@id\":\"https:\\\/\\\/www.ra-stadnik.de\\\/de\\\/#\\\/schema\\\/logo\\\/image\\\/\",\"url\":\"https:\\\/\\\/www.ra-stadnik.de\\\/wp-content\\\/uploads\\\/2018\\\/07\\\/Rechtsanwalt-Evgen-Stadnik-jena-logo-90.png\",\"contentUrl\":\"https:\\\/\\\/www.ra-stadnik.de\\\/wp-content\\\/uploads\\\/2018\\\/07\\\/Rechtsanwalt-Evgen-Stadnik-jena-logo-90.png\",\"width\":194,\"height\":90,\"caption\":\"Rechtsanwalt Evgen Stadnik\"},\"image\":{\"@id\":\"https:\\\/\\\/www.ra-stadnik.de\\\/de\\\/#\\\/schema\\\/logo\\\/image\\\/\"},\"sameAs\":[\"https:\\\/\\\/www.facebook.com\\\/rastadnik.de\\\/\"]}]}<\/script>\n<!-- \/ Yoast SEO plugin. -->","yoast_head_json":{"title":"Startseite | Evgen Stadnik","robots":{"index":"index","follow":"follow","max-snippet":"max-snippet:-1","max-image-preview":"max-image-preview:large","max-video-preview":"max-video-preview:-1"},"canonical":"https:\/\/www.ra-stadnik.de\/de\/","og_locale":"de_DE","og_type":"article","og_title":"Startseite | Evgen Stadnik","og_description":"Als Rechtsanwalt in Jena biete ich kompetente Rechtsberatung in allen Ihren Angelegenheiten und bin stets darauf bedacht Ihre Probleme mit dem gr\u00f6\u00dfter Vorteil f\u00fcr Sie zu l\u00f6sen. Die Beratung kann auf Wunsch auch in russischer Sprache erfolgen. Die Erstberatungskosten variieren zwischen 150 - 220 \u20ac (brutto). Die Kosten der Vertretung werden einzelfallbezogen berechnet. Durch die [&hellip;]","og_url":"https:\/\/www.ra-stadnik.de\/de\/","og_site_name":"Evgen Stadnik","article_publisher":"https:\/\/www.facebook.com\/rastadnik.de\/","article_modified_time":"2023-12-04T21:42:07+00:00","twitter_card":"summary_large_image","twitter_misc":{"Gesch\u00e4tzte Lesezeit":"2\u00a0Minuten"},"schema":{"@context":"https:\/\/schema.org","@graph":[{"@type":"WebPage","@id":"https:\/\/www.ra-stadnik.de\/de\/","url":"https:\/\/www.ra-stadnik.de\/de\/","name":"Startseite | Evgen Stadnik","isPartOf":{"@id":"https:\/\/www.ra-stadnik.de\/de\/#website"},"datePublished":"2018-07-06T12:39:38+00:00","dateModified":"2023-12-04T21:42:07+00:00","breadcrumb":{"@id":"https:\/\/www.ra-stadnik.de\/de\/#breadcrumb"},"inLanguage":"de","potentialAction":[{"@type":"ReadAction","target":["https:\/\/www.ra-stadnik.de\/de\/"]}]},{"@type":"BreadcrumbList","@id":"https:\/\/www.ra-stadnik.de\/de\/#breadcrumb","itemListElement":[{"@type":"ListItem","position":1,"name":"Home","item":"https:\/\/www.ra-stadnik.de\/de\/"},{"@type":"ListItem","position":2,"name":"Startseite"}]},{"@type":"WebSite","@id":"https:\/\/www.ra-stadnik.de\/de\/#website","url":"https:\/\/www.ra-stadnik.de\/de\/","name":"Rechtsanwalt Evgen Stadnik","description":"Rechtsanwalt","publisher":{"@id":"https:\/\/www.ra-stadnik.de\/de\/#organization"},"potentialAction":[{"@type":"SearchAction","target":{"@type":"EntryPoint","urlTemplate":"https:\/\/www.ra-stadnik.de\/de\/?s={search_term_string}"},"query-input":{"@type":"PropertyValueSpecification","valueRequired":true,"valueName":"search_term_string"}}],"inLanguage":"de"},{"@type":"Organization","@id":"https:\/\/www.ra-stadnik.de\/de\/#organization","name":"Rechtsanwalt Evgen Stadnik","url":"https:\/\/www.ra-stadnik.de\/de\/","logo":{"@type":"ImageObject","inLanguage":"de","@id":"https:\/\/www.ra-stadnik.de\/de\/#\/schema\/logo\/image\/","url":"https:\/\/www.ra-stadnik.de\/wp-content\/uploads\/2018\/07\/Rechtsanwalt-Evgen-Stadnik-jena-logo-90.png","contentUrl":"https:\/\/www.ra-stadnik.de\/wp-content\/uploads\/2018\/07\/Rechtsanwalt-Evgen-Stadnik-jena-logo-90.png","width":194,"height":90,"caption":"Rechtsanwalt Evgen Stadnik"},"image":{"@id":"https:\/\/www.ra-stadnik.de\/de\/#\/schema\/logo\/image\/"},"sameAs":["https:\/\/www.facebook.com\/rastadnik.de\/"]}]}},"_links":{"self":[{"href":"https:\/\/www.ra-stadnik.de\/de\/wp-json\/wp\/v2\/pages\/33","targetHints":{"allow":["GET"]}}],"collection":[{"href":"https:\/\/www.ra-stadnik.de\/de\/wp-json\/wp\/v2\/pages"}],"about":[{"href":"https:\/\/www.ra-stadnik.de\/de\/wp-json\/wp\/v2\/types\/page"}],"author":[{"embeddable":true,"href":"https:\/\/www.ra-stadnik.de\/de\/wp-json\/wp\/v2\/users\/1"}],"replies":[{"embeddable":true,"href":"https:\/\/www.ra-stadnik.de\/de\/wp-json\/wp\/v2\/comments?post=33"}],"version-history":[{"count":11,"href":"https:\/\/www.ra-stadnik.de\/de\/wp-json\/wp\/v2\/pages\/33\/revisions"}],"predecessor-version":[{"id":470,"href":"https:\/\/www.ra-stadnik.de\/de\/wp-json\/wp\/v2\/pages\/33\/revisions\/470"}],"wp:attachment":[{"href":"https:\/\/www.ra-stadnik.de\/de\/wp-json\/wp\/v2\/media?parent=33"}],"curies":[{"name":"wp","href":"https:\/\/api.w.org\/{rel}","templated":true}]}}